{"id":231,"date":"2022-11-17T19:53:52","date_gmt":"2022-11-17T18:53:52","guid":{"rendered":"https:\/\/ambottawa.esteri.it\/servizi-consolari-e-visti\/servizi-per-il-cittadino-italiano\/servizi-elettorali\/"},"modified":"2022-12-12T21:10:40","modified_gmt":"2022-12-12T20:10:40","slug":"servizi-elettorali","status":"publish","type":"page","link":"https:\/\/ambottawa.esteri.it\/fr\/servizi-consolari-e-visti\/servizi-per-il-cittadino-italiano\/servizi-elettorali\/","title":{"rendered":"Services \u00e9lectoraux"},"content":{"rendered":"<p>Le bureau des services \u00e9lectoraux est charg\u00e9 de g\u00e9rer tous les \u00e9v\u00e9nements nationaux et europ\u00e9ens \u00e9lectoraux dans lesquels les r\u00e9sidents ayant droit de vote dans les juridictions consulaires sont appel\u00e9s \u00e0 participer.<\/p>\n","protected":false},"excerpt":{"rendered":"Le bureau des services \u00e9lectoraux est charg\u00e9 de g\u00e9rer tous les \u00e9v\u00e9nements nationaux et europ\u00e9ens \u00e9lectoraux dans lesquels les r\u00e9sidents ayant droit de vote dans les juridictions consulaires sont appel\u00e9s \u00e0 participer.","protected":false},"author":2,"featured_media":0,"parent":172,"menu_order":7,"comment_status":"closed","ping_status":"closed","template":"","meta":{"footnotes":""},"class_list":["post-231","page","type-page","status-publish","hentry"],"_links":{"self":[{"href":"https:\/\/ambottawa.esteri.it\/fr\/wp-json\/wp\/v2\/pages\/231","targetHints":{"allow":["GET"]}}],"collection":[{"href":"https:\/\/ambottawa.esteri.it\/fr\/wp-json\/wp\/v2\/pages"}],"about":[{"href":"https:\/\/ambottawa.esteri.it\/fr\/wp-json\/wp\/v2\/types\/page"}],"author":[{"embeddable":true,"href":"https:\/\/ambottawa.esteri.it\/fr\/wp-json\/wp\/v2\/users\/2"}],"replies":[{"embeddable":true,"href":"https:\/\/ambottawa.esteri.it\/fr\/wp-json\/wp\/v2\/comments?post=231"}],"version-history":[{"count":0,"href":"https:\/\/ambottawa.esteri.it\/fr\/wp-json\/wp\/v2\/pages\/231\/revisions"}],"up":[{"embeddable":true,"href":"https:\/\/ambottawa.esteri.it\/fr\/wp-json\/wp\/v2\/pages\/172"}],"wp:attachment":[{"href":"https:\/\/ambottawa.esteri.it\/fr\/wp-json\/wp\/v2\/media?parent=231"}],"curies":[{"name":"wp","href":"https:\/\/api.w.org\/{rel}","templated":true}]}}