{"id":230,"date":"2022-11-17T19:52:16","date_gmt":"2022-11-17T18:52:16","guid":{"rendered":"https:\/\/ambottawa.esteri.it\/servizi-consolari-e-visti\/servizi-per-il-cittadino-italiano\/assistenza-ai-cittadini-allestero\/"},"modified":"2022-12-12T20:07:55","modified_gmt":"2022-12-12T19:07:55","slug":"assistenza-ai-cittadini-allestero","status":"publish","type":"page","link":"https:\/\/ambottawa.esteri.it\/fr\/servizi-consolari-e-visti\/servizi-per-il-cittadino-italiano\/assistenza-ai-cittadini-allestero\/","title":{"rendered":"Assistance aux citoyens \u00e0 l&rsquo;\u00e9tranger"},"content":{"rendered":"<p style=\"text-align: justify;\">Le service d&rsquo;assistance consulaire est destin\u00e9 aux citoyens italiens qui vivent dans une situation de pauvret\u00e9.\u00a0Les citoyens italiens peuvent recevoir une aide financi\u00e8re ou autre aupr\u00e8s du Consulat pour surmonter les difficult\u00e9s temporaires.<\/p>\n","protected":false},"excerpt":{"rendered":"Le service d&rsquo;assistance consulaire est destin\u00e9 aux citoyens italiens qui vivent dans une situation de pauvret\u00e9.\u00a0Les citoyens italiens peuvent recevoir une aide financi\u00e8re ou autre aupr\u00e8s du Consulat pour surmonter les difficult\u00e9s temporaires.","protected":false},"author":2,"featured_media":0,"parent":172,"menu_order":2,"comment_status":"closed","ping_status":"closed","template":"","meta":{"footnotes":""},"class_list":["post-230","page","type-page","status-publish","hentry"],"_links":{"self":[{"href":"https:\/\/ambottawa.esteri.it\/fr\/wp-json\/wp\/v2\/pages\/230","targetHints":{"allow":["GET"]}}],"collection":[{"href":"https:\/\/ambottawa.esteri.it\/fr\/wp-json\/wp\/v2\/pages"}],"about":[{"href":"https:\/\/ambottawa.esteri.it\/fr\/wp-json\/wp\/v2\/types\/page"}],"author":[{"embeddable":true,"href":"https:\/\/ambottawa.esteri.it\/fr\/wp-json\/wp\/v2\/users\/2"}],"replies":[{"embeddable":true,"href":"https:\/\/ambottawa.esteri.it\/fr\/wp-json\/wp\/v2\/comments?post=230"}],"version-history":[{"count":0,"href":"https:\/\/ambottawa.esteri.it\/fr\/wp-json\/wp\/v2\/pages\/230\/revisions"}],"up":[{"embeddable":true,"href":"https:\/\/ambottawa.esteri.it\/fr\/wp-json\/wp\/v2\/pages\/172"}],"wp:attachment":[{"href":"https:\/\/ambottawa.esteri.it\/fr\/wp-json\/wp\/v2\/media?parent=230"}],"curies":[{"name":"wp","href":"https:\/\/api.w.org\/{rel}","templated":true}]}}