{"id":224,"date":"2022-11-17T19:39:31","date_gmt":"2022-11-17T18:39:31","guid":{"rendered":"https:\/\/ambottawa.esteri.it\/servizi-consolari-e-visti\/servizi-per-il-cittadino-italiano\/passaporti-e-carte-didentita\/"},"modified":"2026-03-18T20:48:44","modified_gmt":"2026-03-18T19:48:44","slug":"passaporti-e-carte-didentita","status":"publish","type":"page","link":"https:\/\/ambottawa.esteri.it\/fr\/servizi-consolari-e-visti\/servizi-per-il-cittadino-italiano\/passaporti-e-carte-didentita\/","title":{"rendered":"Passeports"},"content":{"rendered":"<p><strong>Informations g\u00e9n\u00e9rales<\/strong><\/p>\n<p>Le passeport est un document de voyage et d&rsquo;identification.<\/p>\n<p>Depuis le 26 juin 2012, tous les citoyens italiens, y compris les mineurs (enfants \u00e2g\u00e9s de 0 \u00e0 18 ans), doivent poss\u00e9der un passeport individuel.<\/p>\n<p>Le passeport est d\u00e9livr\u00e9 uniquement sur rendez-vous \u2013 n\u00e9cessaire pour la prise d&#8217;empreintes digitales \u2013 qui peut \u00eatre demand\u00e9 via le portail de r\u00e9servation en ligne <a href=\"https:\/\/prenotami.esteri.it\/\">Prenot@mi<\/a>\u00a0au plus t\u00f4t six mois avant l\u2019expiration du passeport.<\/p>\n<p>Pour localiser le Bureau consulaire comp\u00e9tent visitez notre <a href=\"http:\/\/Pour%20localiser%20le%20Bureau%20consulaire%20comp\u00e9tent%20visitez%20notre%20Page%20d'Accueil%20(Carte%20du%20R\u00e9seau%20Consulaire)%20ou%20cliquez%20ici%20TROUVEZ%20VOTRE%20CONSULAT%20Services%20consulaires%20en%20ligne%20(esteri.it).\">Page d&rsquo;Accueil (Carte du R\u00e9seau Consulaire)<\/a> ou cliquez ici <a href=\"https:\/\/serviziconsolarionline.esteri.it\/ScoFE\/services\/consulate\/find-consulate.sco;jsessionid=2A3BC252249B9760701E2BA17AE86957\">TROUVEZ VOTRE CONSULAT Services consulaires en ligne (esteri.it)<\/a>.<\/p>\n","protected":false},"excerpt":{"rendered":"Informations g\u00e9n\u00e9rales Le passeport est un document de voyage et d&rsquo;identification. Depuis le 26 juin 2012, tous les citoyens italiens, y compris les mineurs (enfants \u00e2g\u00e9s de 0 \u00e0 18 ans), doivent poss\u00e9der un passeport individuel. Le passeport est d\u00e9livr\u00e9 uniquement sur rendez-vous \u2013 n\u00e9cessaire pour la prise d&#8217;empreintes digitales \u2013 qui peut \u00eatre demand\u00e9 [&hellip;]","protected":false},"author":2,"featured_media":0,"parent":172,"menu_order":5,"comment_status":"closed","ping_status":"closed","template":"","meta":{"footnotes":""},"class_list":["post-224","page","type-page","status-publish","hentry"],"_links":{"self":[{"href":"https:\/\/ambottawa.esteri.it\/fr\/wp-json\/wp\/v2\/pages\/224","targetHints":{"allow":["GET"]}}],"collection":[{"href":"https:\/\/ambottawa.esteri.it\/fr\/wp-json\/wp\/v2\/pages"}],"about":[{"href":"https:\/\/ambottawa.esteri.it\/fr\/wp-json\/wp\/v2\/types\/page"}],"author":[{"embeddable":true,"href":"https:\/\/ambottawa.esteri.it\/fr\/wp-json\/wp\/v2\/users\/2"}],"replies":[{"embeddable":true,"href":"https:\/\/ambottawa.esteri.it\/fr\/wp-json\/wp\/v2\/comments?post=224"}],"version-history":[{"count":1,"href":"https:\/\/ambottawa.esteri.it\/fr\/wp-json\/wp\/v2\/pages\/224\/revisions"}],"predecessor-version":[{"id":9392,"href":"https:\/\/ambottawa.esteri.it\/fr\/wp-json\/wp\/v2\/pages\/224\/revisions\/9392"}],"up":[{"embeddable":true,"href":"https:\/\/ambottawa.esteri.it\/fr\/wp-json\/wp\/v2\/pages\/172"}],"wp:attachment":[{"href":"https:\/\/ambottawa.esteri.it\/fr\/wp-json\/wp\/v2\/media?parent=224"}],"curies":[{"name":"wp","href":"https:\/\/api.w.org\/{rel}","templated":true}]}}