{"id":174,"date":"2022-11-17T19:13:15","date_gmt":"2022-11-17T18:13:15","guid":{"rendered":"https:\/\/ambottawa.esteri.it\/servizi-consolari-e-visti\/servizi-per-il-cittadino-straniero\/"},"modified":"2023-08-01T21:08:59","modified_gmt":"2023-08-01T19:08:59","slug":"servizi-per-il-cittadino-straniero","status":"publish","type":"page","link":"https:\/\/ambottawa.esteri.it\/fr\/servizi-consolari-e-visti\/servizi-per-il-cittadino-straniero\/","title":{"rendered":"Services pour le citoyen \u00e9tranger"},"content":{"rendered":"<p>Les Ambassades et les Consulats fournissent \u00e9galement des services aux citoyens \u00e9trangers. Il s&rsquo;agit notamment de la d\u00e9livrance de visas d&rsquo;entr\u00e9e en Italie et dans l&rsquo;espace Schengen, de la d\u00e9livrance de documents administratifs tels que l&rsquo;authentification de documents, les certificats de vie et la certification de la conformit\u00e9 de la traduction d&rsquo;actes. En outre, dans les cas actuellement pr\u00e9vus par la loi, les Ambassades et les Consulats transmettent les actes et les documents aux Autorit\u00e9s italiennes.<\/p>\n","protected":false},"excerpt":{"rendered":"Les Ambassades et les Consulats fournissent \u00e9galement des services aux citoyens \u00e9trangers. Il s&rsquo;agit notamment de la d\u00e9livrance de visas d&rsquo;entr\u00e9e en Italie et dans l&rsquo;espace Schengen, de la d\u00e9livrance de documents administratifs tels que l&rsquo;authentification de documents, les certificats de vie et la certification de la conformit\u00e9 de la traduction d&rsquo;actes. En outre, dans [&hellip;]","protected":false},"author":2,"featured_media":0,"parent":34,"menu_order":0,"comment_status":"closed","ping_status":"closed","template":"","meta":{"footnotes":""},"class_list":["post-174","page","type-page","status-publish","hentry"],"_links":{"self":[{"href":"https:\/\/ambottawa.esteri.it\/fr\/wp-json\/wp\/v2\/pages\/174","targetHints":{"allow":["GET"]}}],"collection":[{"href":"https:\/\/ambottawa.esteri.it\/fr\/wp-json\/wp\/v2\/pages"}],"about":[{"href":"https:\/\/ambottawa.esteri.it\/fr\/wp-json\/wp\/v2\/types\/page"}],"author":[{"embeddable":true,"href":"https:\/\/ambottawa.esteri.it\/fr\/wp-json\/wp\/v2\/users\/2"}],"replies":[{"embeddable":true,"href":"https:\/\/ambottawa.esteri.it\/fr\/wp-json\/wp\/v2\/comments?post=174"}],"version-history":[{"count":0,"href":"https:\/\/ambottawa.esteri.it\/fr\/wp-json\/wp\/v2\/pages\/174\/revisions"}],"up":[{"embeddable":true,"href":"https:\/\/ambottawa.esteri.it\/fr\/wp-json\/wp\/v2\/pages\/34"}],"wp:attachment":[{"href":"https:\/\/ambottawa.esteri.it\/fr\/wp-json\/wp\/v2\/media?parent=174"}],"curies":[{"name":"wp","href":"https:\/\/api.w.org\/{rel}","templated":true}]}}