{"id":172,"date":"2022-11-17T19:13:03","date_gmt":"2022-11-17T18:13:03","guid":{"rendered":"https:\/\/ambottawa.esteri.it\/servizi-consolari-e-visti\/servizi-per-il-cittadino-italiano\/"},"modified":"2023-08-01T17:52:46","modified_gmt":"2023-08-01T15:52:46","slug":"servizi-per-il-cittadino-italiano","status":"publish","type":"page","link":"https:\/\/ambottawa.esteri.it\/fr\/servizi-consolari-e-visti\/servizi-per-il-cittadino-italiano\/","title":{"rendered":"Services pour le citoyen italien"},"content":{"rendered":"<p><strong>Services consulaires<\/strong><\/p>\n<p>Les services consulaires sont fournis conform\u00e9ment aux principes de l&rsquo;\u00e9galit\u00e9, l&rsquo;impartialit\u00e9, l&rsquo;efficacit\u00e9 et la transparence.<\/p>\n<p>Les Consulats assurent la protection de tous les citoyens italiens en cas de violation de leurs droits fondamentaux et la limitation ou la privation de leur libert\u00e9. Ils assurent \u00e9galement une assistance en cas d&rsquo;urgence, \u00e0 la recherche de membres de la famille, les pratiques de succession initi\u00e9es \u00e0 l&rsquo;\u00e9tranger et le rapatriement des d\u00e9pouilles.<\/p>\n<p>Pour des renseignements \u00e0 jour sur les services offerts par notre r\u00e9seau diplomatique et consulaire visiter la page d\u00e9di\u00e9e sur le site web du Minist\u00e8re des Affaires \u00e9trang\u00e8res et de la Coop\u00e9ration internationale (en <a href=\"https:\/\/www.esteri.it\/it\/servizi-consolari-e-visti\/\">italien<\/a> ou en <a href=\"https:\/\/www.esteri.it\/en\/servizi-consolari-e-visti\/\">anglais<\/a>).<\/p>\n<p>&nbsp;<\/p>\n<p><a href=\"https:\/\/ambottawa.esteri.it\/en\/chi-siamo\/la-sede\/forms\/\"><strong>Formulaires<\/strong><\/a><\/p>\n","protected":false},"excerpt":{"rendered":"Services consulaires Les services consulaires sont fournis conform\u00e9ment aux principes de l&rsquo;\u00e9galit\u00e9, l&rsquo;impartialit\u00e9, l&rsquo;efficacit\u00e9 et la transparence. Les Consulats assurent la protection de tous les citoyens italiens en cas de violation de leurs droits fondamentaux et la limitation ou la privation de leur libert\u00e9. Ils assurent \u00e9galement une assistance en cas d&rsquo;urgence, \u00e0 la recherche [&hellip;]","protected":false},"author":2,"featured_media":0,"parent":34,"menu_order":0,"comment_status":"closed","ping_status":"closed","template":"","meta":{"footnotes":""},"class_list":["post-172","page","type-page","status-publish","hentry"],"_links":{"self":[{"href":"https:\/\/ambottawa.esteri.it\/fr\/wp-json\/wp\/v2\/pages\/172","targetHints":{"allow":["GET"]}}],"collection":[{"href":"https:\/\/ambottawa.esteri.it\/fr\/wp-json\/wp\/v2\/pages"}],"about":[{"href":"https:\/\/ambottawa.esteri.it\/fr\/wp-json\/wp\/v2\/types\/page"}],"author":[{"embeddable":true,"href":"https:\/\/ambottawa.esteri.it\/fr\/wp-json\/wp\/v2\/users\/2"}],"replies":[{"embeddable":true,"href":"https:\/\/ambottawa.esteri.it\/fr\/wp-json\/wp\/v2\/comments?post=172"}],"version-history":[{"count":0,"href":"https:\/\/ambottawa.esteri.it\/fr\/wp-json\/wp\/v2\/pages\/172\/revisions"}],"up":[{"embeddable":true,"href":"https:\/\/ambottawa.esteri.it\/fr\/wp-json\/wp\/v2\/pages\/34"}],"wp:attachment":[{"href":"https:\/\/ambottawa.esteri.it\/fr\/wp-json\/wp\/v2\/media?parent=172"}],"curies":[{"name":"wp","href":"https:\/\/api.w.org\/{rel}","templated":true}]}}