{"id":140,"date":"2022-11-17T18:35:25","date_gmt":"2022-11-17T17:35:25","guid":{"rendered":"https:\/\/ambottawa.esteri.it\/italia-e-canada\/diplomazia-culturale\/"},"modified":"2025-06-10T20:29:10","modified_gmt":"2025-06-10T18:29:10","slug":"diplomazia-culturale","status":"publish","type":"page","link":"https:\/\/ambottawa.esteri.it\/fr\/italia-e-canada\/diplomazia-culturale\/","title":{"rendered":"Diplomatie culturelle"},"content":{"rendered":"<p class=\"boxLevel04\">Les relations culturelles entre l&rsquo;Italie et le Canada sont en \u00e9volution continue.<\/p>\n<p>Chaque ann\u00e9e, une s\u00e9rie d\u2019\u00e9v\u00e9nements d\u00e9di\u00e9s \u00e0 la culture et aux traditions de notre Pays sont organis\u00e9es dans les grandes villes canadiennes. \u00c0 titre d\u2019exemple, on peut citer la Semaine de la Cuisine italienne au Monde et la Semaine de la Langue italienne au Monde, les festivals de cin\u00e9ma d\u00e9di\u00e9s aux ma\u00eetres du cin\u00e9ma italien tels le Festival du film de l&rsquo;Union Europ\u00e9enne et l\u2019Italian Contemporary Film Festival, le plus grand festival du cin\u00e9ma italien contemporain \u00e0 l&rsquo;\u00e9tranger. \u00c0 ne pas oublier, la Journ\u00e9e du Design, les expositions artistiques et les rendez-vous d\u00e9sormais traditionnels des Semaines italiennes dans les communaut\u00e9s d\u2019origine italienne.<\/p>\n<p>Ces \u00e9v\u00e9nements, en m\u00e9langeant \u00e9l\u00e9ments artistiques, religieux, sportifs, sociaux, musicaux et gastronomiques, valorisent les traditions et le caract\u00e8re unique de notre Pays qui ont toujours fascin\u00e9 le monde entier.<\/p>\n<p><strong>Le Service Culturel de l&rsquo;Ambassade d&rsquo;Italie \u00e0 Ottawa<\/strong>\u00a0joue un r\u00f4le important dans le renforcement des relations culturelles entre les deux Pays gr\u00e2ce \u00e0 une s\u00e9rie d&rsquo;activit\u00e9s dans les domaines de la promotion des langues, de la pr\u00e9servation du patrimoine culturel, cin\u00e9matographique et audiovisuel, litt\u00e9raire, musical et artistique. Le Service Culturel:<\/p>\n<ul>\n<li>\u00c9tablit chaque ann\u00e9e les lignes g\u00e9n\u00e9rales de la programmation des \u00e9v\u00e9nements culturels en collaboration avec les Instituts Italiens de Culture au Canada;<\/li>\n<li>Promeut l\u2019enseignement de la langue italienne dans les \u00e9coles et dans les universit\u00e9s en coop\u00e9ration avec le R\u00e9seau Consulaire italien au Canada;<\/li>\n<li>Facilite la collaboration et le lien entre les diff\u00e9rentes institutions culturelles publiques op\u00e9rant dans le deux Pays;<\/li>\n<li>Entretient des relations avec les institutions culturelles italiennes au Canada et avec les institutions culturelles canadiennes, tant au niveau national que provincial, avec lesquelles il collabore pour la r\u00e9alisation d\u2019expositions et d\u2019\u00e9v\u00e9nements;<\/li>\n<li>Attribue les de bourses d\u2019\u00e9tudes du Gouvernement italien.<\/li>\n<\/ul>\n<p><strong>Les Accords Bilat\u00e9raux<\/strong><\/p>\n<p>Les accords bilat\u00e9raux entre l\u2019Italie et le Canada dans le domaine culturel sont les suivants:<\/p>\n<ul>\n<li>Accord culturel entre le Gouvernement de la R\u00e9publique Italienne et le Gouvernement du Canada, sign\u00e9 le 17 mai 1984;<\/li>\n<li>Accord de coproduction cin\u00e9matographique entre le Canada et l&rsquo;Italie, sign\u00e9 le 13 Novembre 1997 et entr\u00e9 en vigueur en d\u00e9cembre 1999;<\/li>\n<li>Programme de coop\u00e9ration culturelle et Programme scientifique et technologique entre l\u2019Italie et le Qu\u00e9bec, sign\u00e9 le 7 d\u00e9cembre 2000.<\/li>\n<\/ul>\n<p>Sur la base du Programme ex\u00e9cutif de coop\u00e9ration italo-canadien, sign\u00e9 \u00e0 Rome en 2000, le gouvernement italien offre aux citoyens canadiens des bourses d\u2019\u00e9tudes destin\u00e9es pour des cours de ma\u00eetrise, de doctorat ou de projets de recherche aupr\u00e8s des universit\u00e9s italiennes.<\/p>\n<p>&nbsp;<\/p>\n","protected":false},"excerpt":{"rendered":"Les relations culturelles entre l&rsquo;Italie et le Canada sont en \u00e9volution continue. Chaque ann\u00e9e, une s\u00e9rie d\u2019\u00e9v\u00e9nements d\u00e9di\u00e9s \u00e0 la culture et aux traditions de notre Pays sont organis\u00e9es dans les grandes villes canadiennes. \u00c0 titre d\u2019exemple, on peut citer la Semaine de la Cuisine italienne au Monde et la Semaine de la Langue italienne [&hellip;]","protected":false},"author":2,"featured_media":0,"parent":36,"menu_order":2,"comment_status":"closed","ping_status":"closed","template":"","meta":{"footnotes":""},"class_list":["post-140","page","type-page","status-publish","hentry"],"_links":{"self":[{"href":"https:\/\/ambottawa.esteri.it\/fr\/wp-json\/wp\/v2\/pages\/140","targetHints":{"allow":["GET"]}}],"collection":[{"href":"https:\/\/ambottawa.esteri.it\/fr\/wp-json\/wp\/v2\/pages"}],"about":[{"href":"https:\/\/ambottawa.esteri.it\/fr\/wp-json\/wp\/v2\/types\/page"}],"author":[{"embeddable":true,"href":"https:\/\/ambottawa.esteri.it\/fr\/wp-json\/wp\/v2\/users\/2"}],"replies":[{"embeddable":true,"href":"https:\/\/ambottawa.esteri.it\/fr\/wp-json\/wp\/v2\/comments?post=140"}],"version-history":[{"count":1,"href":"https:\/\/ambottawa.esteri.it\/fr\/wp-json\/wp\/v2\/pages\/140\/revisions"}],"predecessor-version":[{"id":6858,"href":"https:\/\/ambottawa.esteri.it\/fr\/wp-json\/wp\/v2\/pages\/140\/revisions\/6858"}],"up":[{"embeddable":true,"href":"https:\/\/ambottawa.esteri.it\/fr\/wp-json\/wp\/v2\/pages\/36"}],"wp:attachment":[{"href":"https:\/\/ambottawa.esteri.it\/fr\/wp-json\/wp\/v2\/media?parent=140"}],"curies":[{"name":"wp","href":"https:\/\/api.w.org\/{rel}","templated":true}]}}