{"id":103,"date":"2022-11-17T17:33:45","date_gmt":"2022-11-17T16:33:45","guid":{"rendered":"https:\/\/ambottawa.esteri.it\/chi-siamo\/la-rete-consolare\/"},"modified":"2023-09-07T16:09:44","modified_gmt":"2023-09-07T14:09:44","slug":"la-rete-consolare","status":"publish","type":"page","link":"https:\/\/ambottawa.esteri.it\/fr\/chi-siamo\/la-rete-consolare\/","title":{"rendered":"Le r\u00e9seau consulaire"},"content":{"rendered":"<article id=\"articolo_centro\" class=\"col-md-19 col-sm-19 padding_articolo item-page\" role=\"main\" aria-label=\"articolo\">\n<div>\n<ul>\n<li><a href=\"#Rete\">R\u00e9seau consulaire<\/a><\/li>\n<li><a href=\"#Istituti\">Instituts culturels italiens au Canada<\/a><\/li>\n<li><a href=\"#Altri\">Autres organismes italiens au Canada<\/a><\/li>\n<li><a href=\"#Camere\">Chambres de Commerce Italiennes au Canada<\/a><\/li>\n<li><a href=\"#Organi\">Organismes repr\u00e9sentatifs de la communaut\u00e9 italienne au Canada<\/a><\/li>\n<\/ul>\n<\/div>\n<\/article>\n<p>&nbsp;<\/p>\n<p>Trouvez votre bureau consulaire <a href=\"https:\/\/serviziconsolari.esteri.it\/ScoFE\/services\/service-info.sco\">ici<\/a>.<\/p>\n<p>&nbsp;<\/p>\n<article id=\"articolo_centro\" class=\"col-md-19 col-sm-19 padding_articolo item-page\" role=\"main\" aria-label=\"articolo\">\n<div>\n<p><strong>Consulat G\u00e9n\u00e9ral d&rsquo;Italie \u00e0 Montr\u00e9al<\/strong><\/p>\n<p>3489 Drummond Avenue<br \/>\nMONTREAL, Qu\u00e9bec H3G 1X6<\/p>\n<p>T\u00e9l. (514) 849-8351<br \/>\nFax (514) 499-9471<\/p>\n<p>E-mail:\u00a0<a href=\"mailto:consolato.montreal@esteri.it\">consolato.montreal@esteri.it<\/a><br \/>\nSite Web :\u00a0<a href=\"http:\/\/www.consmontreal.esteri.it\/\">www.consmontreal.esteri.it<\/a><\/p>\n<p><strong>Comp\u00e9tence:<\/strong> les provinces du Qu\u00e9bec (sauf la partie sous la comp\u00e9tence de l\u2019Ambassade d&rsquo;Italie \u00e0 Ottawa), de Newfoudland et Labrador, de New Brunswick, de Nova Scotia, de l\u2019\u00cele-du-Prince-\u00c9douard e le territoire du Nunavut.<\/p>\n<p>&nbsp;<\/p>\n<p><strong>Consulat G\u00e9n\u00e9ral d&rsquo;Italie \u00e0 Toronto<\/strong><\/p>\n<p>136 Beverley Street<\/p>\n<p>Toronto (Ontario) M5T 1Y5<\/p>\n<p>T\u00e9l. (416) 977 1566<br \/>\nFax (416) 977 1119<\/p>\n<p>E-mail:\u00a0<a href=\"mailto:consolato.toronto@esteri.it\">consolato.toronto@esteri.it<\/a><br \/>\nSite web :\u00a0<a href=\"http:\/\/www.constoronto.esteri.it\/\">www.constoronto.esteri.it<\/a><\/p>\n<p><strong>Comp\u00e9tence:<\/strong> les provinces de l\u2019Ontario (sauf la partie sous la comp\u00e9tence de l\u2019Ambassade d&rsquo;Italie \u00e0 Ottawa) et du Manitoba et les Territoires du Nord-Ouest.<\/p>\n<p>&nbsp;<\/p>\n<p><strong>Consulat G\u00e9n\u00e9ral d\u2019Italie \u00e0 Vancouver<\/strong><\/p>\n<p>1140 West Pender Street &#8211; Suite 840<\/p>\n<p>Vancouver, BC V6E 4G1 Canada<\/p>\n<p>T\u00e9l. (604) 684-7288<br \/>\nFax. (604) 685-4263<\/p>\n<p>E-mail:\u00a0<a href=\"mailto:consolato.vancouver@esteri.it\">consolato.vancouver@esteri.it<\/a><br \/>\nSite Web:\u00a0<a href=\"http:\/\/www.consvancouver.esteri.it\/\">www.consvancouver.esteri.it<\/a><\/p>\n<p><strong>Comp\u00e9tence:<\/strong> les provinces de la British Columbia, de l\u2019Alberta, du Saskatchewan et le territoire du Yukon.<\/p>\n<p>&nbsp;<\/p>\n<p><strong>Poste consulaire d\u2019Edmonton<\/strong><\/p>\n<p>2592 Commerce Place<br \/>\n10155 102 Street<br \/>\nEDMONTON, Alberta T5J 4G8<\/p>\n<p>T\u00e9l. (780) 423-5153<br \/>\nFax (780) 423-5214<\/p>\n<p>E-mail:\u00a0<a href=\"mailto:edmonton.vancouver@esteri.it\">edmonton.vancouver@esteri.it<\/a><\/p>\n<p>&nbsp;<\/p>\n<p><span style=\"text-decoration: underline;\"><em><strong>Instituts culturels italiens au Canada<\/strong><\/em><\/span><\/p>\n<p>&nbsp;<\/p>\n<p><strong>Consulat G\u00e9n\u00e9ral d&rsquo;Italie \u00e0 Toronto (Section Culturelle)<br \/>\n<\/strong><strong>Institut culturel italien de Toronto<\/strong><\/p>\n<p>496 Huron Street<br \/>\nTORONTO, Ontario M5R 2R3<\/p>\n<p>T\u00e9l. (416) 921-3802<br \/>\nFax (416) 962-2503<\/p>\n<p>Site Web :\u00a0<a href=\"http:\/\/www.iictoronto.esteri.it\/\">http:\/\/www.iictoronto.esteri.it<\/a><\/p>\n<p>&nbsp;<\/p>\n<p><strong>Institut culturel italien de Montr\u00e9al<\/strong><\/p>\n<p>1200 Docteur Penfield Avenue<br \/>\nMONTR\u00c9AL, Qu\u00e9bec H3A 1A9<\/p>\n<p>T\u00e9l. (514) 849-3473<br \/>\nFax (514) 849-2569<\/p>\n<p>Site Web:\u00a0<a href=\"http:\/\/www.iicmontreal.esteri.it\/\">http:\/\/www.iicmontreal.esteri.it<\/a><\/p>\n<p>&nbsp;<\/p>\n<p><strong>Consulat G\u00e9n\u00e9ral d&rsquo;Italie \u00e0 Vancouver (Section Culturelle)<\/strong><\/p>\n<p>1140 West Pender Street &#8211; Suite 840<\/p>\n<p>Vancouver, BC V6E 4G1<\/p>\n<p>T\u00e9l. (604) 684-7288<br \/>\nFax. (604) 685-4263<\/p>\n<p>E-mail:\u00a0<a href=\"mailto:consolato.vancouver@esteri.it\">consolato.vancouver@esteri.it<\/a><br \/>\nSite web :\u00a0<a href=\"http:\/\/www.consvancouver.esteri.it\/\">www.consvancouver.esteri.it<\/a><\/p>\n<p>&nbsp;<\/p>\n<p><em><strong><span style=\"text-decoration: underline;\">Autres organismes italiens au Canada<\/span><\/strong><\/em><\/p>\n<p>&nbsp;<\/p>\n<p><strong>Consulat G\u00e9n\u00e9ral d&rsquo;Italie \u00e0 Toronto (Section Commerciale)<\/strong><\/p>\n<p><strong>ITA\/ICE &#8211;\u00a0D\u00e9l\u00e9gation Commerciale d&rsquo;Italie<\/strong><\/p>\n<p>480 University, Suite 800<br \/>\nToronto, Ontario &#8211; M5G 1V2<\/p>\n<p>T\u00e9l. (416) 598-1555\/598-1566<br \/>\nFax (416) 598-1610<\/p>\n<p>Email:\u00a0<a href=\"mailto:toronto.toronto@ice.it\">toronto.toronto@ice.it<\/a><br \/>\nSite Web:\u00a0<a href=\"https:\/\/www.ice.it\/it\/mercati\/canada\/toronto\">https:\/\/www.ice.it\/it\/mercati\/canada\/toronto<\/a><\/p>\n<p>&nbsp;<\/p>\n<p><strong>Consulat G\u00e9n\u00e9ral d&rsquo;Italie \u00e0 Montr\u00e9al (Section Commerciale)<\/strong><\/p>\n<p><strong>ITA\/ICE &#8211; D\u00e9l\u00e9gation Commerciale d&rsquo;Italie<\/strong><\/p>\n<p>1000,\u00a0Rue Sherbrooke Ouest, Bureau 1720<br \/>\nMONTR\u00c9AL, Qu\u00e9bec H3A 3G4<\/p>\n<p>T\u00e9l. (514) 284-0265<br \/>\nFax (514) 284-0362<\/p>\n<p>Email:\u00a0<a href=\"mailto:montreal.montreal@ice.it\">montreal.montreal@ice.it<\/a><br \/>\nSite Web:\u00a0<a href=\"https:\/\/www.ice.it\/it\/mercati\/canada\/punto-di-corrispondenza-di-montreal\">https:\/\/www.ice.it\/it\/mercati\/canada\/punto-di-corrispondenza-di-montreal<\/a><\/p>\n<p>&nbsp;<\/p>\n<p><strong>Bureau du Tourisme Italien<\/strong><\/p>\n<p>365 Bay Street, Suite 503<br \/>\nToronto (Ontario) M5H 2V1<\/p>\n<p>Site Web:\u00a0<a href=\"https:\/\/www.enit.it\/\">www.enit.it<\/a><\/p>\n<p>&nbsp;<\/p>\n<p><em><strong><span style=\"text-decoration: underline;\"><em><strong>Chambres de Commerce Italiennes au Canada<\/strong><\/em><\/span><\/strong><\/em><\/p>\n<p>&nbsp;<\/p>\n<p><strong>Chambre de Commerce Italienne de l\u2019Ontario<\/strong><\/p>\n<p>622 College Street, Suite 201 F<br \/>\nToronto, Ontario M6G 1B6<\/p>\n<p>T\u00e9l. (416) 789-7169<br \/>\nFax (416) 789-7160<\/p>\n<p>E-mail:\u00a0<a href=\"mailto:info.toronto@italchambers.ca\">info.toronto@italchambers.ca<\/a><br \/>\nSite web:\u00a0<a href=\"http:\/\/www.italchambers.ca\/\">www.italchambers.ca<\/a><\/p>\n<p>&nbsp;<\/p>\n<p><strong>Chambre de Commerce Italienne au Canada<\/strong><\/p>\n<p>550, rue Sherbrooke Ouest, Bureau 1150<br \/>\nMontreal, Quebec H3A 1B9<\/p>\n<p>T\u00e9l. (514) 844-4249<br \/>\nFax (514) 844-4875<\/p>\n<p>E-mail:\u00a0<a href=\"mailto:info.montreal@italchamber.qc.ca\">info.montreal@italchamber.qc.ca<\/a><br \/>\nSite web:\u00a0<a href=\"http:\/\/www.italchamber.qc.ca\/\">www.italchamber.qc.ca<\/a><\/p>\n<p>&nbsp;<\/p>\n<p><strong>Chambre de Commerce Italienne de Canada-Ouest<\/strong><\/p>\n<p><strong>Bureau de Vancouver<\/strong><\/p>\n<p>1209- 409 Granville St.<br \/>\nVancouver, BC V6C 1T2<\/p>\n<p>T\u00e9l. (604) 682-1410<br \/>\nFax (604) 682-2997<\/p>\n<p>E-mail:\u00a0<a href=\"mailto:iccbcinfo@iccbc.com\">iccbcinfo@iccbc.com<\/a><br \/>\nSite web:\u00a0<a href=\"http:\/\/www.iccbc.com\/\">www.iccbc.com<\/a><\/p>\n<p>&nbsp;<\/p>\n<p><strong>Bureau de Calgary<\/strong><\/p>\n<p>307 &#8211; 1324 11th Avenue SW<br \/>\nCalgary, AB T3C 0M6<\/p>\n<p>T\u00e9l. (403) 283-0453<br \/>\nFax (403) 283-0484<\/p>\n<p>E-mail:\u00a0<a href=\"mailto:calgary@iccbc.com\">calgary@iccbc.com<\/a><br \/>\nSite web:\u00a0<a href=\"http:\/\/www.iccbc.com\/\">www.iccbc.com<\/a><\/p>\n<p>&nbsp;<\/p>\n<p><span style=\"text-decoration: underline;\"><em><strong>Organismes repr\u00e9sentatifs de la communaut\u00e9 italienne au Canada<\/strong><\/em><\/span><\/p>\n<p>&nbsp;<\/p>\n<p><strong>Conseil g\u00e9n\u00e9ral des Italiens \u00e0 l&rsquo;\u00e9tranger (CGIE)<\/strong><\/p>\n<p>Site web:\u00a0<a href=\"https:\/\/www.cgieonline.it\/\">http:\/\/www.cgieonline.it\/<\/a><\/p>\n<p>Au Canada il y a trois <strong>Comit\u00e9s des Italiens \u00e0 l&rsquo;\u00e9tranger (Comites)<\/strong>. Les Comites sont \u00e0 <a href=\"https:\/\/torontocomites.com\/\">Toronto<\/a>, Montr\u00e9al et Vancouver.<\/p>\n<\/div>\n<div class=\"row\"><\/div>\n<\/article>\n","protected":false},"excerpt":{"rendered":"R\u00e9seau consulaire Instituts culturels italiens au Canada Autres organismes italiens au Canada Chambres de Commerce Italiennes au Canada Organismes repr\u00e9sentatifs de la communaut\u00e9 italienne au Canada &nbsp; Trouvez votre bureau consulaire ici. &nbsp; Consulat G\u00e9n\u00e9ral d&rsquo;Italie \u00e0 Montr\u00e9al 3489 Drummond Avenue MONTREAL, Qu\u00e9bec H3G 1X6 T\u00e9l. (514) 849-8351 Fax (514) 499-9471 E-mail:\u00a0consolato.montreal@esteri.it Site Web :\u00a0www.consmontreal.esteri.it [&hellip;]","protected":false},"author":2,"featured_media":0,"parent":39,"menu_order":10,"comment_status":"closed","ping_status":"closed","template":"","meta":{"footnotes":""},"class_list":["post-103","page","type-page","status-publish","hentry"],"_links":{"self":[{"href":"https:\/\/ambottawa.esteri.it\/fr\/wp-json\/wp\/v2\/pages\/103","targetHints":{"allow":["GET"]}}],"collection":[{"href":"https:\/\/ambottawa.esteri.it\/fr\/wp-json\/wp\/v2\/pages"}],"about":[{"href":"https:\/\/ambottawa.esteri.it\/fr\/wp-json\/wp\/v2\/types\/page"}],"author":[{"embeddable":true,"href":"https:\/\/ambottawa.esteri.it\/fr\/wp-json\/wp\/v2\/users\/2"}],"replies":[{"embeddable":true,"href":"https:\/\/ambottawa.esteri.it\/fr\/wp-json\/wp\/v2\/comments?post=103"}],"version-history":[{"count":1,"href":"https:\/\/ambottawa.esteri.it\/fr\/wp-json\/wp\/v2\/pages\/103\/revisions"}],"predecessor-version":[{"id":3233,"href":"https:\/\/ambottawa.esteri.it\/fr\/wp-json\/wp\/v2\/pages\/103\/revisions\/3233"}],"up":[{"embeddable":true,"href":"https:\/\/ambottawa.esteri.it\/fr\/wp-json\/wp\/v2\/pages\/39"}],"wp:attachment":[{"href":"https:\/\/ambottawa.esteri.it\/fr\/wp-json\/wp\/v2\/media?parent=103"}],"curies":[{"name":"wp","href":"https:\/\/api.w.org\/{rel}","templated":true}]}}