{"id":101,"date":"2022-11-17T17:26:15","date_gmt":"2022-11-17T16:26:15","guid":{"rendered":"https:\/\/ambottawa.esteri.it\/chi-siamo\/numeri-di-emergenza\/"},"modified":"2023-08-02T22:15:55","modified_gmt":"2023-08-02T20:15:55","slug":"numeri-di-emergenza","status":"publish","type":"page","link":"https:\/\/ambottawa.esteri.it\/fr\/chi-siamo\/numeri-di-emergenza\/","title":{"rendered":"Num\u00e9ros d&rsquo;urgence"},"content":{"rendered":"<p><span style=\"text-decoration: underline;\"><strong>UNIQUEMENT ET EXCLUSIVEMENT POUR LES SITUATIONS D&rsquo;URGENCE CERTAINE CONCERNANT LES CITOYENS ITALIENS<\/strong><\/span> (accidents, arrestations, probl\u00e8mes de sant\u00e9 graves et urgents, etc.), veuillez contacter les num\u00e9ros de t\u00e9l\u00e9phone d&rsquo;urgence des Bureaux consulaires indiqu\u00e9s ci-dessous <strong>en fonction de votre district d&rsquo;appartenance<\/strong>.<\/p>\n<p>Veuillez noter que les num\u00e9ros d&rsquo;appel d&rsquo;urgence sont op\u00e9rationnels <span style=\"text-decoration: underline;\"><strong>UNIQUEMENT ET EXCLUSIVEMENT EN DEHORS DES JOURS ET HEURES D&rsquo;OUVERTURE DES BUREAUX<\/strong><\/span> pour fournir une assistance dans des circonstances de besoin grave et av\u00e9r\u00e9. \u00c0 cet \u00e9gard, veuillez pr\u00eater une <strong>attention particuli\u00e8re au fuseau horaire<\/strong> pour les appels en provenance d&rsquo;Italie.<\/p>\n<p>Les appels concernant les pratiques consulaires ordinaires, les demandes d&rsquo;information, les demandes de rendez-vous anticip\u00e9s pour les passeports et la citoyennet\u00e9 <strong>NE seront PAS pris en consid\u00e9ration<\/strong>. Pour ces derni\u00e8res, le Bureau consulaire comp\u00e9tent peut \u00eatre contact\u00e9 par t\u00e9l\u00e9phone ou par courriel pendant les heures d&rsquo;ouverture.<\/p>\n<p>&nbsp;<\/p>\n<p><span style=\"text-decoration: underline;\"><strong>NUM\u00c9ROS D&rsquo;APPEL D&rsquo;URGENCE<\/strong><\/span><\/p>\n<p><strong>Ambassade d&rsquo;Italie \u00e0 OTTAWA<\/strong><\/p>\n<p><strong>+ 1 613-796-2283<br \/>\n<\/strong><\/p>\n<p>Comp\u00e9tence territoriale: ville d&rsquo;Ottawa, R\u00e9gion de l&rsquo;Outaouais, Comt\u00e9s de Carleton, Dundas, Glengarry, Grenville, Prescott, Russel et Stormont.<\/p>\n<p>&nbsp;<\/p>\n<p><strong>Consulat G\u00e9n\u00e9ral d&rsquo;Italie \u00e0 TORONTO<\/strong><\/p>\n<p><strong>+1 416-456-3355<\/strong><\/p>\n<p>Comp\u00e9tence territoriale: Manitoba, Territoires du Nord-ouest, Ontario (sauf les r\u00e9gions r\u00e9serv\u00e9es \u00e0 l&rsquo;Ambassade d&rsquo;Italie \u00e0 Ottawa).<\/p>\n<p>&nbsp;<\/p>\n<p><strong>Consulat G\u00e9n\u00e9ral d&rsquo;Italie en MONTREAL<\/strong><\/p>\n<p><strong>+1 438-229-4359<\/strong><\/p>\n<p>Comp\u00e9tence territoriale: Qu\u00e9bec (sauf les r\u00e9gions r\u00e9serv\u00e9es \u00e0 l&rsquo;Ambassade d&rsquo;Italie \u00e0 Ottawa), Terre-Neuve-et-Labrador, Nouveau-Brunswick, Nouvelle-\u00c9cosse, \u00cele-du-Prince-\u00c9douard, Nunavut.<\/p>\n<p>&nbsp;<\/p>\n<p><strong>Consulat G\u00e9n\u00e9ral d&rsquo;Italie \u00e0 VANCOUVER<\/strong><\/p>\n<p><strong>+1 604-418-5541<\/strong><\/p>\n<p>Comp\u00e9tence territoriale: Colombie Britannique, Alberta, Saskatchewan, Yukon.<\/p>\n","protected":false},"excerpt":{"rendered":"UNIQUEMENT ET EXCLUSIVEMENT POUR LES SITUATIONS D&rsquo;URGENCE CERTAINE CONCERNANT LES CITOYENS ITALIENS (accidents, arrestations, probl\u00e8mes de sant\u00e9 graves et urgents, etc.), veuillez contacter les num\u00e9ros de t\u00e9l\u00e9phone d&rsquo;urgence des Bureaux consulaires indiqu\u00e9s ci-dessous en fonction de votre district d&rsquo;appartenance. Veuillez noter que les num\u00e9ros d&rsquo;appel d&rsquo;urgence sont op\u00e9rationnels UNIQUEMENT ET EXCLUSIVEMENT EN DEHORS DES JOURS [&hellip;]","protected":false},"author":2,"featured_media":0,"parent":39,"menu_order":8,"comment_status":"closed","ping_status":"closed","template":"","meta":{"footnotes":""},"class_list":["post-101","page","type-page","status-publish","hentry"],"_links":{"self":[{"href":"https:\/\/ambottawa.esteri.it\/fr\/wp-json\/wp\/v2\/pages\/101","targetHints":{"allow":["GET"]}}],"collection":[{"href":"https:\/\/ambottawa.esteri.it\/fr\/wp-json\/wp\/v2\/pages"}],"about":[{"href":"https:\/\/ambottawa.esteri.it\/fr\/wp-json\/wp\/v2\/types\/page"}],"author":[{"embeddable":true,"href":"https:\/\/ambottawa.esteri.it\/fr\/wp-json\/wp\/v2\/users\/2"}],"replies":[{"embeddable":true,"href":"https:\/\/ambottawa.esteri.it\/fr\/wp-json\/wp\/v2\/comments?post=101"}],"version-history":[{"count":0,"href":"https:\/\/ambottawa.esteri.it\/fr\/wp-json\/wp\/v2\/pages\/101\/revisions"}],"up":[{"embeddable":true,"href":"https:\/\/ambottawa.esteri.it\/fr\/wp-json\/wp\/v2\/pages\/39"}],"wp:attachment":[{"href":"https:\/\/ambottawa.esteri.it\/fr\/wp-json\/wp\/v2\/media?parent=101"}],"curies":[{"name":"wp","href":"https:\/\/api.w.org\/{rel}","templated":true}]}}