{"id":475,"date":"2022-11-30T18:48:40","date_gmt":"2022-11-30T17:48:40","guid":{"rendered":"https:\/\/ambottawa.esteri.it\/italia-e-canada\/diplomazia-culturale\/litaliano-in-canada\/"},"modified":"2026-04-02T22:34:27","modified_gmt":"2026-04-02T20:34:27","slug":"litaliano-in-canada","status":"publish","type":"page","link":"https:\/\/ambottawa.esteri.it\/en\/italia-e-canada\/diplomazia-culturale\/litaliano-in-canada\/","title":{"rendered":"The Italian Language in Canada"},"content":{"rendered":"<p><strong>The Italian language in Canada and in Canadian Universities<\/strong><\/p>\n<div align=\"justify\">\n<p>According to the most recent Canadian census in 2021, there are 319.505 native Italian speakers in the country. The study of the Italian language in Canadian schools and universities is generally more widespread in areas where there is a significant presence of Italian communities. It is also often included in various school curricula, thanks to ad hoc agreements with the provincial authorities of the individual provinces.<\/p>\n<p>In many universities in Nova Scotia, Qu\u00e9bec, Ontario, Manitoba Alberta, and British Columbia, Italian departments organize special degree courses as well as basic language programs, including some for adult students in continuing education, a process of constant learning that spans the entire life of an individual.<\/p>\n<p>In the broader program of the &#8220;Promotion of Sistema Italia&#8221;, the promotion and dissemination of the Italian language and culture worldwide are one of the five points of designated priority action. This program includes the professional figures appointed by the Ministry of Foreign Affairs and International Cooperation (MAECI) consisting of educators in Italy who are sent to countries around the world such as educational directors, administrators and Italian instructors. Currently, two readers are in service in Canada, one at Carleton University in Ottawa and one at the University of British Columbia in Vancouver, while in Toronto and Vancouver there are two full-time Educational Directors who will soon be joined by another in Montreal.<\/p>\n<p>The following list of departments or Italian programs at Canadian universities is taken from\u00a0<a href=\"https:\/\/www.universitystudy.ca\/search-programs\/\"><strong>Universitystudy.ca<\/strong><\/a>; for more details, please see the respective sites:<\/p>\n<p>1.<strong>\u00a0Alberta<\/strong><\/p>\n<ul>\n<li><strong>University of Calgary<\/strong>, Italian Studies, Faculty of Arts, Department of French, Italian and Spanish &#8211; Bachelor of Arts and Minor, undergraduate studies<\/li>\n<li><strong>University of Alberta<\/strong>, Italian Studies, Faculty of Arts, Department of Modern Languages and Cultural Studies &#8211; Minor, undergraduate studies<\/li>\n<\/ul>\n<p>2.<strong>\u00a0British Columbia<\/strong><\/p>\n<ul>\n<li><strong>University of Victoria<\/strong>, Hispanic and Italian Studies, Faculty of Humanities, Department of Hispanic and Italian Studies &#8211; Bachelor of Arts and Major, undergraduate studies<\/li>\n<li><strong>University of British Columbia<\/strong>, Italian Studies, Faculty of Arts, Department of French, Hispanic and Italian Studies &#8211; Bachelor of Arts and Minor, undergraduate studies<\/li>\n<li><strong>Simon Fraser University<\/strong>, Italian Studies, Faculty of Arts and Social Sciences, Department of World Languages and Literatures &#8211; Minor and Certificate, undergraduate studies<\/li>\n<\/ul>\n<p>3.\u00a0<strong>Manitoba<\/strong><\/p>\n<ul>\n<li><strong>University of Manitoba<\/strong>, Italian, Faculty of Arts, Department of French, Spanish and Italian &#8211; Bachelor of Arts and Minor, undergraduate studies<\/li>\n<li><strong>University of Winnipeg<\/strong>, Italian Studies, Faculty of Arts, Department of Modern Languages and Literatures<\/li>\n<\/ul>\n<p>4.\u00a0<strong>New Brunswick<\/strong><\/p>\n<ul>\n<li><strong>Universit\u00e9 de St. Thomas,<\/strong> Italian, Faculty of Humanities, Department of Romance Languages &#8211; Minor, undergraduate studies<\/li>\n<\/ul>\n<p>5. <strong>Newfoundland<\/strong><\/p>\n<ul>\n<li><strong>Memorial University of Newfoundland,\u00a0<\/strong>Italian, Faculty of Humanities and Social Sciences, Department of Modern Languages, Literatures and Cultures &#8211; Undergraduate studies<\/li>\n<\/ul>\n<p>6. <strong>Nova Scotia<\/strong><\/p>\n<ul>\n<li><strong>Dalhousie University<\/strong>, Italian Studies, Faculty of Arts and Social Sciences &#8211; Minor, undergraduate studies<\/li>\n<\/ul>\n<p>7. <strong>Ontario<\/strong><\/p>\n<ul>\n<li><strong>Brock University<\/strong>, Italian Studies, Faculty of Humanities, Department of Modern Languages, Literatures and Cultures &#8211; Bachelor of Arts and Minor, undergraduate studies<\/li>\n<li><strong>Carleton University<\/strong>, Italian, Faculty of Arts and Social Sciences, School of Linguistics and Language Studies &#8211; Minor, undergraduate studies<\/li>\n<li><strong>Queen&#8217;s University<\/strong>, Italian, Faculty of Arts and Science, Department of Spanish and Italian Languages and Literature &#8211; Minor and Certificate, undergraduate studies<\/li>\n<li><strong>McMaster University<\/strong>, Italian Studies, Faculty of Humanities, Department of Linguistics and Languages &#8211; Minor, undergraduate studies<\/li>\n<li><strong>St. Jerome&#8217;s University<\/strong>, Italian Language, Department of Italian and French Studies &#8211; Bachelor of Arts, undergraduate studies<\/li>\n<li><strong>University of Toronto<\/strong>, Italian Studies, Faculty of Arts and Science, Department of Italian Studies &#8211; Bachelor of Arts, undergraduate studies &amp; Master of Arts, graduate studies &amp; Doctor of Philosophy, graduate studies \/ Italian Second Language Learning, Faculty of Arts and Science, Department of Italian Studies &#8211; Bachelor of Arts, undergraduate studies \/ Italian, School of Continuing Studies &#8211; Certificate, undergraduate studies<\/li>\n<li><strong>University of Toronto \u2013 Mississauga<\/strong>, Italian Language Teaching and Learning, Department of Language Studies &#8211; Bachelor of Arts, undergraduate studies &amp; Master of Arts, graduate studies<\/li>\n<li><strong>University of Ottawa<\/strong>, Italian Language and Culture, Faculty of Arts, Department of Modern Languages and Literature &#8211; Minor, undergraduate studies<\/li>\n<li><strong>University of Guelph<\/strong>, Italian, College of Arts, School of Languages and Literatures &#8211; Minor, undergraduate studies<\/li>\n<li><strong>University of Waterloo<\/strong>, Italian Studies, Faculty of Arts, Department of Italian Studies &#8211; Minor, undergraduate studies \/ Italian Language, Faculty of Arts, Department of Italian Studies &#8211; Concentration, undergraduate studies<\/li>\n<li><strong>University of Western Ontario<\/strong>, Italian Studies, Faculty of Arts and Humanities, Department of Modern Languages and Literatures &#8211; Bachelor of Arts, Minor and\u00a0Certificate, undergraduate studies<\/li>\n<li><strong>University of Windsor<\/strong>, Italian and German, Faculty of Arts and Social Sciences, Department of Languages, Literatures and Cultures &#8211; Bachelor of Arts, undergraduate studies<\/li>\n<li><strong>Wilfrid Laurier University<\/strong>, Italian, Faculty of Arts, Department of Languages and Literatures &#8211; Minor, undergraduate studies<\/li>\n<li><strong>York University<\/strong>, Italian, Faculty of Liberal Arts and Professional Studies, Department of Languages, Literatures, and Linguistics &#8211; Certificate, International Bachelor of Arts and Bachelor of Arts, undergraduate studies<\/li>\n<\/ul>\n<p>8. <strong>Qu\u00e9bec<\/strong><\/p>\n<ul>\n<li><strong>Concordia University<\/strong>, Italian, Faculty of Arts and Science, Department of Classics, Modern Languages and Linguistics &#8211; Bachelor of Arts and Minor, undergraduate studies<\/li>\n<li><strong>McGill University<\/strong>, Italian Studies, Faculty of Arts, Department of Italian Studies &#8211; Bachelor of Arts, undergraduate studies &amp; Master of Arts, graduate studies &amp; Doctor of Philosophy, graduate studies<\/li>\n<li><strong>Universit\u00e9 Laval<\/strong>, Langue italienne, Facult\u00e9 des lettres et des sciences humaines, D\u00e9partement de langues, linguistique et traduction &#8211; Microprogramme et Certification PLIDA (Progetto Lingua Italiana Dante Alighieri)<\/li>\n<li><strong>Universit\u00e9 de Montr\u00e9al<\/strong>, Langue et culture italiennes, Facult\u00e9 des arts et des sciences, D\u00e9partement de litt\u00e9ratures et de langues du monde &#8211; Microprogramme<\/li>\n<li><strong>UQAM,<\/strong> Langue italienne, Facult\u00e9 de communication, \u00c9cole de langues &#8211; Microprogramme et Majeure<\/li>\n<\/ul>\n<\/div>\n<p>&nbsp;<\/p>\n<p>&nbsp;<\/p>\n<div align=\"justify\">\n<p><strong>Italian sections in schools:<\/strong><\/p>\n<p>TORONTO<\/p>\n<p><strong>Leonardo Da Vinci Academy<\/strong><\/p>\n<p>Academic Programs: two pre-school programmes (Casa Montessori and Scuola Materna) and elementary school.<\/p>\n<p>Address: 100 Allanhurst Drive, Toronto, Ontario, Canada, M9A 4K4<\/p>\n<p>Phone: +1 416-247-6137<\/p>\n<p>E-mail:\u00a0<a href=\"mailto:ldva@ldva.on.ca\">ldva@ldva.on.ca<\/a><\/p>\n<\/div>\n","protected":false},"excerpt":{"rendered":"The Italian language in Canada and in Canadian Universities According to the most recent Canadian census in 2021, there are 319.505 native Italian speakers in the country. The study of the Italian language in Canadian schools and universities is generally more widespread in areas where there is a significant presence of Italian communities. It is [&hellip;]","protected":false},"author":6,"featured_media":0,"parent":139,"menu_order":2,"comment_status":"closed","ping_status":"closed","template":"","meta":{"footnotes":""},"class_list":["post-475","page","type-page","status-publish","hentry"],"_links":{"self":[{"href":"https:\/\/ambottawa.esteri.it\/en\/wp-json\/wp\/v2\/pages\/475","targetHints":{"allow":["GET"]}}],"collection":[{"href":"https:\/\/ambottawa.esteri.it\/en\/wp-json\/wp\/v2\/pages"}],"about":[{"href":"https:\/\/ambottawa.esteri.it\/en\/wp-json\/wp\/v2\/types\/page"}],"author":[{"embeddable":true,"href":"https:\/\/ambottawa.esteri.it\/en\/wp-json\/wp\/v2\/users\/6"}],"replies":[{"embeddable":true,"href":"https:\/\/ambottawa.esteri.it\/en\/wp-json\/wp\/v2\/comments?post=475"}],"version-history":[{"count":7,"href":"https:\/\/ambottawa.esteri.it\/en\/wp-json\/wp\/v2\/pages\/475\/revisions"}],"predecessor-version":[{"id":9538,"href":"https:\/\/ambottawa.esteri.it\/en\/wp-json\/wp\/v2\/pages\/475\/revisions\/9538"}],"up":[{"embeddable":true,"href":"https:\/\/ambottawa.esteri.it\/en\/wp-json\/wp\/v2\/pages\/139"}],"wp:attachment":[{"href":"https:\/\/ambottawa.esteri.it\/en\/wp-json\/wp\/v2\/media?parent=475"}],"curies":[{"name":"wp","href":"https:\/\/api.w.org\/{rel}","templated":true}]}}