{"id":457,"date":"2022-11-17T17:33:45","date_gmt":"2022-11-17T16:33:45","guid":{"rendered":"https:\/\/ambottawa.esteri.it\/chi-siamo\/la-rete-consolare\/"},"modified":"2023-09-07T16:05:18","modified_gmt":"2023-09-07T14:05:18","slug":"la-rete-consolare","status":"publish","type":"page","link":"https:\/\/ambottawa.esteri.it\/en\/chi-siamo\/la-rete-consolare\/","title":{"rendered":"The Consular network"},"content":{"rendered":"<ul>\n<li><a href=\"#Rete\">Consular network<\/a><\/li>\n<li><a href=\"#Cultura\">Italian Cultural Institutes in Canada<\/a><\/li>\n<li><a href=\"#Altri\">Other Italian Public Offices in Canada<\/a><\/li>\n<li><a href=\"#Camere\">Italian Chambers of Commerce in Canada<\/a><\/li>\n<li><a href=\"#Organi\">Representative bodies of the Italian community in Canada<\/a><\/li>\n<\/ul>\n<p>&nbsp;<\/p>\n<p>Find your consular office of competence <a href=\"https:\/\/serviziconsolari.esteri.it\/ScoFE\/services\/service-info.sco?serviceId=50\">here<\/a>.<\/p>\n<p>&nbsp;<\/p>\n<p><a id=\"Rete\" title=\"\" name=\"Rete\"><\/a><strong>Consulate General of Italy in Montr\u00e9al<\/strong><\/p>\n<p>3489 Drummond Street<br \/>\nMONTR\u00c9AL, Qu\u00e9bec, H3G 1X6<\/p>\n<p>Tel. (514) 849-8351\/2\/3\/4<br \/>\nFax (514) 499-9471<\/p>\n<p>E-mail:\u00a0<a href=\"mailto:consolato.montreal@esteri.it\">consolato.montreal@esteri.it<\/a><br \/>\nWebsite:\u00a0<a href=\"http:\/\/www.consmontreal.esteri.it\/\">www.consmontreal.esteri.it<\/a><\/p>\n<p><strong>Jurisdiction:<\/strong> the provinces of Qu\u00e9bec (except the part under the Embassy of Italy in Ottawa\u2019s jurisdiction), Newfoundland and Labrador, New Brunswick, Nova Scotia, Prince Edward Island and the territory of Nunavut.<\/p>\n<p>&nbsp;<\/p>\n<p><strong>Consulate General of Italy in Toronto<\/strong><\/p>\n<p>136 Beverley Street<br \/>\nToronto, (ON) M5T 1Y5<\/p>\n<p>Tel. (416) 977 1566<br \/>\nFax (416) 977 1119<\/p>\n<p>E-mail:\u00a0<a href=\"mailto:consolato.toronto@esteri.it\">consolato.toronto@esteri.it<\/a><br \/>\nWebsite:\u00a0<a href=\"http:\/\/www.constoronto.esteri.it\/\">www.constoronto.esteri.it<\/a><\/p>\n<p><strong>Jurisdiction:<\/strong>\u00a0the provinces of Ontario (except the part under the Embassy of Italy in Ottawa\u2019s jurisdiction), Manitoba and the Northwest Territories.<\/p>\n<p>&nbsp;<\/p>\n<p><strong>Consulate General of Italy in Vancouver<\/strong><\/p>\n<p>1140 West Pender Street, Suite 840<\/p>\n<p>Vancouver, BC V6E 4G1<\/p>\n<p>Tel. (604) 684-7288<br \/>\nFax. (604) 685-4263<\/p>\n<p>E-mail:\u00a0<a href=\"mailto:consolato.vancouver@esteri.it\">consolato.vancouver@esteri.it<\/a><br \/>\nWebsite:\u00a0<a href=\"http:\/\/www.consvancouver.esteri.it\/\">www.consvancouver.esteri.it<\/a><\/p>\n<p><strong>Jurisdiction:<\/strong> the provinces of British Columbia, Alberta, Saskatchewan and the Yukon territory.<\/p>\n<p>&nbsp;<\/p>\n<p><strong>Edmonton Consular Post<\/strong><\/p>\n<p>2592 Commerce Place<br \/>\n10155 102 Street<br \/>\nEDMONTON, Alberta T5J 4G8<\/p>\n<p>Tel. (780) 423-5153<br \/>\nFax (780) 423-5214<\/p>\n<p>E-mail:\u00a0<a href=\"mailto:edmonton.vancouver@esteri.it\">edmonton.vancouver@esteri.it<\/a><\/p>\n<p>&nbsp;<\/p>\n<p><a id=\"Cultura\" title=\"\" name=\"Cultura\"><\/a><em><strong>Italian Cultural Institutes in Canada<\/strong><\/em><\/p>\n<p>&nbsp;<\/p>\n<p>&nbsp;<\/p>\n<p><strong>Consulate General of Italy in Toronto (Cultural Section)<br \/>\n<\/strong><strong>Italian Cultural Institute in Toronto<\/strong><\/p>\n<p>496 Huron Street<br \/>\nTORONTO,\u00a0 Ontario M5R 2R3<\/p>\n<p>Tel. (416) 921-3802<br \/>\nFax (416) 962-2503<\/p>\n<p>Website:\u00a0<a href=\"http:\/\/www.iictoronto.esteri.it\/\">http:\/\/www.iictoronto.esteri.it<\/a><\/p>\n<p>&nbsp;<\/p>\n<p><strong>Italian Cultural Institute in Montr\u00e9al<\/strong><\/p>\n<p>1200 Docteur Penfield Avenue<br \/>\nMONTR\u00c9AL, Qu\u00e9bec H3A 1A9<\/p>\n<p>Tel. (514) 849-3473<br \/>\nFax (514) 849-2569<\/p>\n<p>Website:\u00a0<a href=\"http:\/\/www.iicmontreal.esteri.it\/\">http:\/\/www.iicmontreal.esteri.it<\/a><\/p>\n<p>&nbsp;<\/p>\n<p><strong>Consulate General of Italy in Vancouver (Cultural Section)<\/strong><\/p>\n<p>1140 West Pender Street &#8211; Suite 840<\/p>\n<p>Vancouver, BC V6E 4G1 Canada<\/p>\n<p>Tel. (604) 684-7288<br \/>\nFax. (604) 685-4263<\/p>\n<p>E-mail:\u00a0<a href=\"mailto:consolato.vancouver@esteri.it\">consolato.vancouver@esteri.it<\/a><br \/>\nWebsite:\u00a0<a href=\"http:\/\/www.consvancouver.esteri.it\/\">www.consvancouver.esteri.it<\/a><\/p>\n<p>&nbsp;<\/p>\n<p><a id=\"Altri\" title=\"\" name=\"Altri\"><\/a><em><strong>Other Italian Public Offices in Canada<\/strong><\/em><\/p>\n<p>&nbsp;<\/p>\n<p><strong>Consulate General of Italy in Toronto (Trade Section)<br \/>\n<\/strong><strong>ITA\/ICE \u2013\u00a0Italian Trade\u00a0Agency<\/strong><\/p>\n<p>480 University, Suite 800<br \/>\nToronto, Ontario \u2013 M5G 1V2<\/p>\n<p>Tel. (416) 598-1555\/598-1566<br \/>\nFax (416) 598-1610<\/p>\n<p>E-mail:\u00a0<a href=\"mailto:toronto@ice.it\">toronto@ice.it<\/a><br \/>\nWebsite:\u00a0<a href=\"https:\/\/www.ice.it\/it\/mercati\/canada\/toronto\">https:\/\/www.ice.it\/it\/mercati\/canada\/toronto<\/a><\/p>\n<p>&nbsp;<\/p>\n<p><strong>Consulate General of Italy in Montr\u00e9al (Trade Section)<br \/>\n<\/strong><strong>ITA\/ICE \u2013 Italian Trade Agency<\/strong><\/p>\n<p>1000 Rue Sherbrooke Ouest,\u00a0suite 1720<br \/>\nMontr\u00e9al, Qu\u00e9bec, Canada H3A 3G4<\/p>\n<p>Tel. (514) 284-0265<br \/>\nFax (514) 284-0362<\/p>\n<p>E-mail:\u00a0<a href=\"mailto:montreal@ice.it\">montreal@ice.it<\/a><br \/>\nWebsite:\u00a0<a href=\"https:\/\/www.ice.it\/it\/mercati\/canada\/punto-di-corrispondenza-di-montreal\">https:\/\/www.ice.it\/it\/mercati\/canada\/punto-di-corrispondenza-di-montreal<\/a><\/p>\n<p>&nbsp;<\/p>\n<p><strong>Italian National Tourism Agency (ENIT)<\/strong><\/p>\n<p>365 Bay Street, Suite 503<br \/>\nToronto (Ontario) M5H 2V1<\/p>\n<p>Website:\u00a0<a href=\"https:\/\/www.enit.it\/\">www.enit.it<\/a><\/p>\n<p>&nbsp;<\/p>\n<p><a id=\"Camere\" title=\"\" name=\"Camere\"><\/a><em><strong>Italian Chambers of Commerce in Canada<\/strong><\/em><\/p>\n<p>&nbsp;<\/p>\n<p><strong>Italian Chamber of Commerce in Ontario<\/strong><\/p>\n<p>622 College Street, Suite 201 F<br \/>\nToronto, Ontario M6G 1B6<\/p>\n<p>Tel. (416) 789-7169<br \/>\nFax (416) 789-7160<\/p>\n<p>E-mail:\u00a0<a href=\"mailto:info.toronto@italchambers.ca\">info.toronto@italchambers.ca<\/a><br \/>\nWebsite:\u00a0<a href=\"http:\/\/www.italchambers.ca\/\">www.italchambers.ca<\/a><\/p>\n<p>&nbsp;<\/p>\n<p><strong>Italian Chamber of Commerce in Canada<\/strong><\/p>\n<p>550, rue Sherbrooke Ouest, Bureau 1150<br \/>\nMontreal, Quebec H3A 1B9<\/p>\n<p>Tel. (514) 844-4249<br \/>\nFax (514) 844-4875<\/p>\n<p>E-mail:\u00a0<a href=\"mailto:info.montreal@italchamber.qc.ca\">info.montreal@italchamber.qc.ca<\/a><br \/>\nWebsite:\u00a0<a href=\"http:\/\/www.italchamber.qc.ca\/\">www.italchamber.qc.ca<\/a><\/p>\n<p>&nbsp;<\/p>\n<p><strong>Italian Chamber of Commerce in West Canada<\/strong><\/p>\n<p><strong>Vancouver office<\/strong><\/p>\n<p>1209- 409 Granville St.<br \/>\nVancouver, BC V6C 1T2<\/p>\n<p>Tel. (604) 682-1410<br \/>\nFax (604) 682-2997<\/p>\n<p>E-mail:\u00a0<a href=\"mailto:iccbcinfo@iccbc.com\">iccbcinfo@iccbc.com<\/a><br \/>\nWebsite:\u00a0<a href=\"http:\/\/www.iccbc.com\/\">www.iccbc.com<\/a><\/p>\n<p>&nbsp;<\/p>\n<p><strong>Calgary office<\/strong><\/p>\n<p>307 -1324 11th Avenue SW<br \/>\nCalgary, AB T3C 0M6<\/p>\n<p>Tel. (403) 283-0453<br \/>\nFax (403) 283-0484<\/p>\n<p>E-mail:\u00a0<a href=\"mailto:calgary@iccbc.com\">calgary@iccbc.com<\/a><br \/>\nWebsite:\u00a0<a href=\"http:\/\/www.iccbc.com\/\">www.iccbc.com<\/a><\/p>\n<p>&nbsp;<\/p>\n<p><a id=\"Organi\" title=\"\" name=\"Organi\"><\/a><em><strong>Representative bodies of the Italian community in Canada<\/strong><\/em><\/p>\n<p><strong>\u00a0<\/strong><\/p>\n<p><strong>General Council of Italians Abroad<\/strong><\/p>\n<p>Website:\u00a0<a href=\"https:\/\/www.cgieonline.it\/\">http:\/\/www.cgieonline.it\/<\/a><\/p>\n<p>There are three <strong>Committees of Italians Abroad (Comites)<\/strong> in Canada. They are located in <a href=\"https:\/\/torontocomites.com\/\">Toronto<\/a>, Montr\u00e9al and Vancouver.<\/p>\n","protected":false},"excerpt":{"rendered":"Consular network Italian Cultural Institutes in Canada Other Italian Public Offices in Canada Italian Chambers of Commerce in Canada Representative bodies of the Italian community in Canada &nbsp; Find your consular office of competence here. &nbsp; Consulate General of Italy in Montr\u00e9al 3489 Drummond Street MONTR\u00c9AL, Qu\u00e9bec, H3G 1X6 Tel. (514) 849-8351\/2\/3\/4 Fax (514) 499-9471 [&hellip;]","protected":false},"author":2,"featured_media":0,"parent":40,"menu_order":10,"comment_status":"closed","ping_status":"closed","template":"","meta":{"footnotes":""},"class_list":["post-457","page","type-page","status-publish","hentry"],"_links":{"self":[{"href":"https:\/\/ambottawa.esteri.it\/en\/wp-json\/wp\/v2\/pages\/457","targetHints":{"allow":["GET"]}}],"collection":[{"href":"https:\/\/ambottawa.esteri.it\/en\/wp-json\/wp\/v2\/pages"}],"about":[{"href":"https:\/\/ambottawa.esteri.it\/en\/wp-json\/wp\/v2\/types\/page"}],"author":[{"embeddable":true,"href":"https:\/\/ambottawa.esteri.it\/en\/wp-json\/wp\/v2\/users\/2"}],"replies":[{"embeddable":true,"href":"https:\/\/ambottawa.esteri.it\/en\/wp-json\/wp\/v2\/comments?post=457"}],"version-history":[{"count":1,"href":"https:\/\/ambottawa.esteri.it\/en\/wp-json\/wp\/v2\/pages\/457\/revisions"}],"predecessor-version":[{"id":3232,"href":"https:\/\/ambottawa.esteri.it\/en\/wp-json\/wp\/v2\/pages\/457\/revisions\/3232"}],"up":[{"embeddable":true,"href":"https:\/\/ambottawa.esteri.it\/en\/wp-json\/wp\/v2\/pages\/40"}],"wp:attachment":[{"href":"https:\/\/ambottawa.esteri.it\/en\/wp-json\/wp\/v2\/media?parent=457"}],"curies":[{"name":"wp","href":"https:\/\/api.w.org\/{rel}","templated":true}]}}